{"id":767,"date":"2023-10-04T06:36:17","date_gmt":"2023-10-04T06:36:17","guid":{"rendered":"https:\/\/www.liwardi.nl\/index.php\/anbau\/"},"modified":"2023-10-20T11:47:33","modified_gmt":"2023-10-20T11:47:33","slug":"anbau","status":"publish","type":"page","link":"https:\/\/www.liwardi.nl\/de\/anbau\/","title":{"rendered":"Anbau"},"content":{"rendered":"\t\t<div data-elementor-type=\"wp-page\" data-elementor-id=\"767\" class=\"elementor elementor-767 elementor-97\" data-elementor-post-type=\"page\">\n\t\t\t\t<div class=\"elementor-element elementor-element-766ad6b e-con-full e-flex e-con e-parent\" data-id=\"766ad6b\" data-element_type=\"container\">\n\t\t<div class=\"elementor-element elementor-element-5c1c2d7 e-con-full e-flex e-con e-child\" data-id=\"5c1c2d7\" data-element_type=\"container\">\n\t\t\t\t<div class=\"elementor-element elementor-element-3155883 elementor--h-position-center elementor--v-position-middle elementor-widget elementor-widget-slides\" data-id=\"3155883\" data-element_type=\"widget\" data-settings=\"{&quot;navigation&quot;:&quot;none&quot;,&quot;autoplay&quot;:&quot;yes&quot;,&quot;pause_on_hover&quot;:&quot;yes&quot;,&quot;pause_on_interaction&quot;:&quot;yes&quot;,&quot;autoplay_speed&quot;:5000,&quot;infinite&quot;:&quot;yes&quot;,&quot;transition&quot;:&quot;slide&quot;,&quot;transition_speed&quot;:500}\" data-widget_type=\"slides.default\">\n\t\t\t\t<div class=\"elementor-widget-container\">\n\t\t\t\t\t\t\t\t\t<div class=\"elementor-swiper\">\n\t\t\t\t\t<div class=\"elementor-slides-wrapper elementor-main-swiper swiper\" role=\"region\" aria-roledescription=\"carousel\" aria-label=\"Slider\" dir=\"ltr\" data-animation=\"fadeInUp\">\n\t\t\t\t<div class=\"swiper-wrapper elementor-slides\">\n\t\t\t\t\t\t\t\t\t\t<div class=\"elementor-repeater-item-9e81c8d swiper-slide\" role=\"group\" aria-roledescription=\"slide\"><div class=\"swiper-slide-bg\" role=\"img\" aria-label=\"liwardi_1_20150504210312_8642\"><\/div><div class=\"swiper-slide-inner\" ><div class=\"swiper-slide-contents\"><\/div><\/div><\/div>\t\t\t\t<\/div>\n\t\t\t\t\t\t\t<\/div>\n\t\t\t\t<\/div>\n\t\t\t\t\t\t\t\t<\/div>\n\t\t\t\t<\/div>\n\t\t\t\t<\/div>\n\t\t\t\t<\/div>\n\t\t<div class=\"elementor-element elementor-element-97159bd e-flex e-con-boxed e-con e-parent\" data-id=\"97159bd\" data-element_type=\"container\">\n\t\t\t\t\t<div class=\"e-con-inner\">\n\t\t<div class=\"elementor-element elementor-element-8a72001 e-con-full e-flex e-con e-child\" data-id=\"8a72001\" data-element_type=\"container\">\n\t\t\t\t<div class=\"elementor-element elementor-element-0fb7907 elementor-widget elementor-widget-image\" data-id=\"0fb7907\" data-element_type=\"widget\" data-widget_type=\"image.default\">\n\t\t\t\t<div class=\"elementor-widget-container\">\n\t\t\t\t\t\t\t\t\t\t\t\t\t\t\t<img fetchpriority=\"high\" decoding=\"async\" width=\"450\" height=\"338\" src=\"https:\/\/www.liwardi.nl\/wp-content\/uploads\/2023\/10\/liwardi_1_20150504214854_5350.jpg\" class=\"attachment-large size-large wp-image-634\" alt=\"hedge supplier\" srcset=\"https:\/\/www.liwardi.nl\/wp-content\/uploads\/2023\/10\/liwardi_1_20150504214854_5350.jpg 450w, https:\/\/www.liwardi.nl\/wp-content\/uploads\/2023\/10\/liwardi_1_20150504214854_5350-300x225.jpg 300w\" sizes=\"(max-width: 450px) 100vw, 450px\" \/>\t\t\t\t\t\t\t\t\t\t\t\t\t\t\t<\/div>\n\t\t\t\t<\/div>\n\t\t\t\t<div class=\"elementor-element elementor-element-c226dee elementor-widget elementor-widget-image\" data-id=\"c226dee\" data-element_type=\"widget\" data-widget_type=\"image.default\">\n\t\t\t\t<div class=\"elementor-widget-container\">\n\t\t\t\t\t\t\t\t\t\t\t\t\t\t\t<img decoding=\"async\" width=\"450\" height=\"338\" src=\"https:\/\/www.liwardi.nl\/wp-content\/uploads\/2023\/10\/liwardi_1_20150504214854_3278.jpg\" class=\"attachment-large size-large wp-image-636\" alt=\"\" srcset=\"https:\/\/www.liwardi.nl\/wp-content\/uploads\/2023\/10\/liwardi_1_20150504214854_3278.jpg 450w, https:\/\/www.liwardi.nl\/wp-content\/uploads\/2023\/10\/liwardi_1_20150504214854_3278-300x225.jpg 300w\" sizes=\"(max-width: 450px) 100vw, 450px\" \/>\t\t\t\t\t\t\t\t\t\t\t\t\t\t\t<\/div>\n\t\t\t\t<\/div>\n\t\t<div class=\"elementor-element elementor-element-c5acb3b e-flex e-con-boxed e-con e-child\" data-id=\"c5acb3b\" data-element_type=\"container\" data-settings=\"{&quot;background_background&quot;:&quot;classic&quot;}\">\n\t\t\t\t\t<div class=\"e-con-inner\">\n\t\t\t\t<div class=\"elementor-element elementor-element-e0f7a15 elementor-widget elementor-widget-heading\" data-id=\"e0f7a15\" data-element_type=\"widget\" data-widget_type=\"heading.default\">\n\t\t\t\t<div class=\"elementor-widget-container\">\n\t\t\t\t\t<p class=\"elementor-heading-title elementor-size-default\">Weitere infos?<\/p>\t\t\t\t<\/div>\n\t\t\t\t<\/div>\n\t\t\t\t<div class=\"elementor-element elementor-element-a1deb90 elementor-mobile-align-left elementor-icon-list--layout-traditional elementor-list-item-link-full_width elementor-widget elementor-widget-icon-list\" data-id=\"a1deb90\" data-element_type=\"widget\" data-widget_type=\"icon-list.default\">\n\t\t\t\t<div class=\"elementor-widget-container\">\n\t\t\t\t\t\t\t<ul class=\"elementor-icon-list-items\">\n\t\t\t\t\t\t\t<li class=\"elementor-icon-list-item\">\n\t\t\t\t\t\t\t\t\t\t\t<a href=\"mailto:info@liwardi.nl\">\n\n\t\t\t\t\t\t\t\t\t\t\t\t<span class=\"elementor-icon-list-icon\">\n\t\t\t\t\t\t\t<i aria-hidden=\"true\" class=\"fas fa-envelope\"><\/i>\t\t\t\t\t\t<\/span>\n\t\t\t\t\t\t\t\t\t\t<span class=\"elementor-icon-list-text\">info@liwardi.nl<\/span>\n\t\t\t\t\t\t\t\t\t\t\t<\/a>\n\t\t\t\t\t\t\t\t\t<\/li>\n\t\t\t\t\t\t\t\t<li class=\"elementor-icon-list-item\">\n\t\t\t\t\t\t\t\t\t\t\t<a href=\"tel:+31%20165%20365797\">\n\n\t\t\t\t\t\t\t\t\t\t\t\t<span class=\"elementor-icon-list-icon\">\n\t\t\t\t\t\t\t<i aria-hidden=\"true\" class=\"fas fa-phone-alt\"><\/i>\t\t\t\t\t\t<\/span>\n\t\t\t\t\t\t\t\t\t\t<span class=\"elementor-icon-list-text\">+31 165 365797<\/span>\n\t\t\t\t\t\t\t\t\t\t\t<\/a>\n\t\t\t\t\t\t\t\t\t<\/li>\n\t\t\t\t\t\t<\/ul>\n\t\t\t\t\t\t<\/div>\n\t\t\t\t<\/div>\n\t\t\t\t\t<\/div>\n\t\t\t\t<\/div>\n\t\t\t\t<\/div>\n\t\t<div class=\"elementor-element elementor-element-fe35d97 e-con-full e-flex e-con e-child\" data-id=\"fe35d97\" data-element_type=\"container\">\n\t\t\t\t<div class=\"elementor-element elementor-element-c6fb033 elementor-widget elementor-widget-heading\" data-id=\"c6fb033\" data-element_type=\"widget\" data-widget_type=\"heading.default\">\n\t\t\t\t<div class=\"elementor-widget-container\">\n\t\t\t\t\t<h2 class=\"elementor-heading-title elementor-size-default\">Anbau<\/h2>\t\t\t\t<\/div>\n\t\t\t\t<\/div>\n\t\t\t\t<div class=\"elementor-element elementor-element-d3458dd elementor-widget elementor-widget-text-editor\" data-id=\"d3458dd\" data-element_type=\"widget\" data-widget_type=\"text-editor.default\">\n\t\t\t\t<div class=\"elementor-widget-container\">\n\t\t\t\t\t\t\t\t\t<p>Die Grundlage f\u00fcr einen guten Anbau ist ein gesunder Boden und gesundes Ausgangsmaterial.<br \/>F\u00fcr die Baumschule Liwardi wird Pflanzgut bei Partner-Zuchtbetrieben angebaut und f\u00fcr 2 oder 3 Jahre im Freiland gepflanzt. In diesen Zeitr\u00e4umen werden die Pflanzen regelm\u00e4\u00dfig beschnitten und untergraben.<\/p><p>Durch die Anwendung von Bodenkarten, die mit einem Boden-Scan erstellt werden, k\u00f6nnen wir platzierte Kompostierung durchf\u00fchren.<br \/>Hierdurch wird der organische Inhalt und das Bodenleben aufrechterhalten<br \/><br \/>Kultivierungsbehandlungen wie Unterschneiden, D\u00fcngen und Hacken, geschehen meist<br \/>mechanisch durch einen Pflegetraktor. Dies erlaubt uns umweltfreundlich<br \/>und effizient zu arbeiten, unter guten Arbeitsbedingungen.<\/p>\t\t\t\t\t\t\t\t<\/div>\n\t\t\t\t<\/div>\n\t\t\t\t<\/div>\n\t\t\t\t\t<\/div>\n\t\t\t\t<\/div>\n\t\t\t\t<\/div>\n\t\t","protected":false},"excerpt":{"rendered":"<p>Weitere infos? info@liwardi.nl +31 165 365797 Anbau Die Grundlage f\u00fcr einen guten Anbau ist ein gesunder Boden und gesundes Ausgangsmaterial.F\u00fcr die Baumschule Liwardi wird Pflanzgut bei Partner-Zuchtbetrieben angebaut und f\u00fcr 2 oder 3 Jahre im Freiland gepflanzt. In diesen Zeitr\u00e4umen werden die Pflanzen regelm\u00e4\u00dfig beschnitten und untergraben. Durch die Anwendung von Bodenkarten, die mit einem [&hellip;]<\/p>\n","protected":false},"author":1,"featured_media":0,"parent":0,"menu_order":0,"comment_status":"closed","ping_status":"closed","template":"elementor_header_footer","meta":{"footnotes":""},"class_list":["post-767","page","type-page","status-publish","hentry"],"yoast_head":"<!-- This site is optimized with the Yoast SEO plugin v26.3 - https:\/\/yoast.com\/wordpress\/plugins\/seo\/ -->\n<title>Anbau - Liwardi<\/title>\n<meta name=\"robots\" content=\"index, follow, max-snippet:-1, max-image-preview:large, max-video-preview:-1\" \/>\n<link rel=\"canonical\" href=\"https:\/\/www.liwardi.nl\/teelt\/\" \/>\n<meta property=\"og:locale\" content=\"de_DE\" \/>\n<meta property=\"og:type\" content=\"article\" \/>\n<meta property=\"og:title\" content=\"Anbau - Liwardi\" \/>\n<meta property=\"og:description\" content=\"Weitere infos? info@liwardi.nl +31 165 365797 Anbau Die Grundlage f\u00fcr einen guten Anbau ist ein gesunder Boden und gesundes Ausgangsmaterial.F\u00fcr die Baumschule Liwardi wird Pflanzgut bei Partner-Zuchtbetrieben angebaut und f\u00fcr 2 oder 3 Jahre im Freiland gepflanzt. In diesen Zeitr\u00e4umen werden die Pflanzen regelm\u00e4\u00dfig beschnitten und untergraben. Durch die Anwendung von Bodenkarten, die mit einem [&hellip;]\" \/>\n<meta property=\"og:url\" content=\"https:\/\/www.liwardi.nl\/teelt\/\" \/>\n<meta property=\"og:site_name\" content=\"Liwardi\" \/>\n<meta property=\"article:modified_time\" content=\"2023-10-20T11:47:33+00:00\" \/>\n<meta property=\"og:image\" content=\"https:\/\/www.liwardi.nl\/wp-content\/uploads\/2023\/10\/liwardi_1_20150504214854_5350.jpg\" \/>\n<meta name=\"twitter:card\" content=\"summary_large_image\" \/>\n<script type=\"application\/ld+json\" class=\"yoast-schema-graph\">{\"@context\":\"https:\/\/schema.org\",\"@graph\":[{\"@type\":\"WebPage\",\"@id\":\"https:\/\/www.liwardi.nl\/teelt\/\",\"url\":\"https:\/\/www.liwardi.nl\/teelt\/\",\"name\":\"Anbau - Liwardi\",\"isPartOf\":{\"@id\":\"https:\/\/www.liwardi.nl\/#website\"},\"primaryImageOfPage\":{\"@id\":\"https:\/\/www.liwardi.nl\/teelt\/#primaryimage\"},\"image\":{\"@id\":\"https:\/\/www.liwardi.nl\/teelt\/#primaryimage\"},\"thumbnailUrl\":\"https:\/\/www.liwardi.nl\/wp-content\/uploads\/2023\/10\/liwardi_1_20150504214854_5350.jpg\",\"datePublished\":\"2023-10-04T06:36:17+00:00\",\"dateModified\":\"2023-10-20T11:47:33+00:00\",\"breadcrumb\":{\"@id\":\"https:\/\/www.liwardi.nl\/teelt\/#breadcrumb\"},\"inLanguage\":\"de\",\"potentialAction\":[{\"@type\":\"ReadAction\",\"target\":[\"https:\/\/www.liwardi.nl\/teelt\/\"]}]},{\"@type\":\"ImageObject\",\"inLanguage\":\"de\",\"@id\":\"https:\/\/www.liwardi.nl\/teelt\/#primaryimage\",\"url\":\"https:\/\/www.liwardi.nl\/wp-content\/uploads\/2023\/10\/liwardi_1_20150504214854_5350.jpg\",\"contentUrl\":\"https:\/\/www.liwardi.nl\/wp-content\/uploads\/2023\/10\/liwardi_1_20150504214854_5350.jpg\"},{\"@type\":\"BreadcrumbList\",\"@id\":\"https:\/\/www.liwardi.nl\/teelt\/#breadcrumb\",\"itemListElement\":[{\"@type\":\"ListItem\",\"position\":1,\"name\":\"Home\",\"item\":\"https:\/\/www.liwardi.nl\/de\/\"},{\"@type\":\"ListItem\",\"position\":2,\"name\":\"Anbau\"}]},{\"@type\":\"WebSite\",\"@id\":\"https:\/\/www.liwardi.nl\/#website\",\"url\":\"https:\/\/www.liwardi.nl\/\",\"name\":\"Liwardi\",\"description\":\"\",\"publisher\":{\"@id\":\"https:\/\/www.liwardi.nl\/#organization\"},\"potentialAction\":[{\"@type\":\"SearchAction\",\"target\":{\"@type\":\"EntryPoint\",\"urlTemplate\":\"https:\/\/www.liwardi.nl\/?s={search_term_string}\"},\"query-input\":{\"@type\":\"PropertyValueSpecification\",\"valueRequired\":true,\"valueName\":\"search_term_string\"}}],\"inLanguage\":\"de\"},{\"@type\":\"Organization\",\"@id\":\"https:\/\/www.liwardi.nl\/#organization\",\"name\":\"Liwardi\",\"url\":\"https:\/\/www.liwardi.nl\/\",\"logo\":{\"@type\":\"ImageObject\",\"inLanguage\":\"de\",\"@id\":\"https:\/\/www.liwardi.nl\/#\/schema\/logo\/image\/\",\"url\":\"https:\/\/www.liwardi.nl\/wp-content\/uploads\/2023\/10\/logo_liwardi.png\",\"contentUrl\":\"https:\/\/www.liwardi.nl\/wp-content\/uploads\/2023\/10\/logo_liwardi.png\",\"width\":350,\"height\":119,\"caption\":\"Liwardi\"},\"image\":{\"@id\":\"https:\/\/www.liwardi.nl\/#\/schema\/logo\/image\/\"}}]}<\/script>\n<!-- \/ Yoast SEO plugin. -->","yoast_head_json":{"title":"Anbau - Liwardi","robots":{"index":"index","follow":"follow","max-snippet":"max-snippet:-1","max-image-preview":"max-image-preview:large","max-video-preview":"max-video-preview:-1"},"canonical":"https:\/\/www.liwardi.nl\/teelt\/","og_locale":"de_DE","og_type":"article","og_title":"Anbau - Liwardi","og_description":"Weitere infos? info@liwardi.nl +31 165 365797 Anbau Die Grundlage f\u00fcr einen guten Anbau ist ein gesunder Boden und gesundes Ausgangsmaterial.F\u00fcr die Baumschule Liwardi wird Pflanzgut bei Partner-Zuchtbetrieben angebaut und f\u00fcr 2 oder 3 Jahre im Freiland gepflanzt. In diesen Zeitr\u00e4umen werden die Pflanzen regelm\u00e4\u00dfig beschnitten und untergraben. Durch die Anwendung von Bodenkarten, die mit einem [&hellip;]","og_url":"https:\/\/www.liwardi.nl\/teelt\/","og_site_name":"Liwardi","article_modified_time":"2023-10-20T11:47:33+00:00","og_image":[{"url":"https:\/\/www.liwardi.nl\/wp-content\/uploads\/2023\/10\/liwardi_1_20150504214854_5350.jpg","type":"","width":"","height":""}],"twitter_card":"summary_large_image","schema":{"@context":"https:\/\/schema.org","@graph":[{"@type":"WebPage","@id":"https:\/\/www.liwardi.nl\/teelt\/","url":"https:\/\/www.liwardi.nl\/teelt\/","name":"Anbau - Liwardi","isPartOf":{"@id":"https:\/\/www.liwardi.nl\/#website"},"primaryImageOfPage":{"@id":"https:\/\/www.liwardi.nl\/teelt\/#primaryimage"},"image":{"@id":"https:\/\/www.liwardi.nl\/teelt\/#primaryimage"},"thumbnailUrl":"https:\/\/www.liwardi.nl\/wp-content\/uploads\/2023\/10\/liwardi_1_20150504214854_5350.jpg","datePublished":"2023-10-04T06:36:17+00:00","dateModified":"2023-10-20T11:47:33+00:00","breadcrumb":{"@id":"https:\/\/www.liwardi.nl\/teelt\/#breadcrumb"},"inLanguage":"de","potentialAction":[{"@type":"ReadAction","target":["https:\/\/www.liwardi.nl\/teelt\/"]}]},{"@type":"ImageObject","inLanguage":"de","@id":"https:\/\/www.liwardi.nl\/teelt\/#primaryimage","url":"https:\/\/www.liwardi.nl\/wp-content\/uploads\/2023\/10\/liwardi_1_20150504214854_5350.jpg","contentUrl":"https:\/\/www.liwardi.nl\/wp-content\/uploads\/2023\/10\/liwardi_1_20150504214854_5350.jpg"},{"@type":"BreadcrumbList","@id":"https:\/\/www.liwardi.nl\/teelt\/#breadcrumb","itemListElement":[{"@type":"ListItem","position":1,"name":"Home","item":"https:\/\/www.liwardi.nl\/de\/"},{"@type":"ListItem","position":2,"name":"Anbau"}]},{"@type":"WebSite","@id":"https:\/\/www.liwardi.nl\/#website","url":"https:\/\/www.liwardi.nl\/","name":"Liwardi","description":"","publisher":{"@id":"https:\/\/www.liwardi.nl\/#organization"},"potentialAction":[{"@type":"SearchAction","target":{"@type":"EntryPoint","urlTemplate":"https:\/\/www.liwardi.nl\/?s={search_term_string}"},"query-input":{"@type":"PropertyValueSpecification","valueRequired":true,"valueName":"search_term_string"}}],"inLanguage":"de"},{"@type":"Organization","@id":"https:\/\/www.liwardi.nl\/#organization","name":"Liwardi","url":"https:\/\/www.liwardi.nl\/","logo":{"@type":"ImageObject","inLanguage":"de","@id":"https:\/\/www.liwardi.nl\/#\/schema\/logo\/image\/","url":"https:\/\/www.liwardi.nl\/wp-content\/uploads\/2023\/10\/logo_liwardi.png","contentUrl":"https:\/\/www.liwardi.nl\/wp-content\/uploads\/2023\/10\/logo_liwardi.png","width":350,"height":119,"caption":"Liwardi"},"image":{"@id":"https:\/\/www.liwardi.nl\/#\/schema\/logo\/image\/"}}]}},"_links":{"self":[{"href":"https:\/\/www.liwardi.nl\/de\/wp-json\/wp\/v2\/pages\/767","targetHints":{"allow":["GET"]}}],"collection":[{"href":"https:\/\/www.liwardi.nl\/de\/wp-json\/wp\/v2\/pages"}],"about":[{"href":"https:\/\/www.liwardi.nl\/de\/wp-json\/wp\/v2\/types\/page"}],"author":[{"embeddable":true,"href":"https:\/\/www.liwardi.nl\/de\/wp-json\/wp\/v2\/users\/1"}],"replies":[{"embeddable":true,"href":"https:\/\/www.liwardi.nl\/de\/wp-json\/wp\/v2\/comments?post=767"}],"version-history":[{"count":6,"href":"https:\/\/www.liwardi.nl\/de\/wp-json\/wp\/v2\/pages\/767\/revisions"}],"predecessor-version":[{"id":888,"href":"https:\/\/www.liwardi.nl\/de\/wp-json\/wp\/v2\/pages\/767\/revisions\/888"}],"wp:attachment":[{"href":"https:\/\/www.liwardi.nl\/de\/wp-json\/wp\/v2\/media?parent=767"}],"curies":[{"name":"wp","href":"https:\/\/api.w.org\/{rel}","templated":true}]}}