{"id":753,"date":"2023-10-04T06:36:17","date_gmt":"2023-10-04T06:36:17","guid":{"rendered":"https:\/\/www.liwardi.nl\/index.php\/unser-motto\/"},"modified":"2023-10-20T11:45:40","modified_gmt":"2023-10-20T11:45:40","slug":"unser-motto","status":"publish","type":"page","link":"https:\/\/www.liwardi.nl\/de\/unser-motto\/","title":{"rendered":"Unser Motto"},"content":{"rendered":"\t\t<div data-elementor-type=\"wp-page\" data-elementor-id=\"753\" class=\"elementor elementor-753 elementor-94\" data-elementor-post-type=\"page\">\n\t\t\t\t<div class=\"elementor-element elementor-element-a01b3da e-con-full e-flex e-con e-parent\" data-id=\"a01b3da\" data-element_type=\"container\">\n\t\t<div class=\"elementor-element elementor-element-09a48ce e-con-full e-flex e-con e-child\" data-id=\"09a48ce\" data-element_type=\"container\">\n\t\t\t\t<div class=\"elementor-element elementor-element-1a43c36 elementor--h-position-center elementor--v-position-middle elementor-widget elementor-widget-slides\" data-id=\"1a43c36\" data-element_type=\"widget\" data-settings=\"{&quot;navigation&quot;:&quot;none&quot;,&quot;autoplay&quot;:&quot;yes&quot;,&quot;pause_on_hover&quot;:&quot;yes&quot;,&quot;pause_on_interaction&quot;:&quot;yes&quot;,&quot;autoplay_speed&quot;:5000,&quot;infinite&quot;:&quot;yes&quot;,&quot;transition&quot;:&quot;slide&quot;,&quot;transition_speed&quot;:500}\" data-widget_type=\"slides.default\">\n\t\t\t\t<div class=\"elementor-widget-container\">\n\t\t\t\t\t\t\t\t\t<div class=\"elementor-swiper\">\n\t\t\t\t\t<div class=\"elementor-slides-wrapper elementor-main-swiper swiper\" role=\"region\" aria-roledescription=\"carousel\" aria-label=\"Slider\" dir=\"ltr\" data-animation=\"fadeInUp\">\n\t\t\t\t<div class=\"swiper-wrapper elementor-slides\">\n\t\t\t\t\t\t\t\t\t\t<div class=\"elementor-repeater-item-9e81c8d swiper-slide\" role=\"group\" aria-roledescription=\"slide\"><div class=\"swiper-slide-bg\" role=\"img\" aria-label=\"liwardi_1_20150505133448_6909\"><\/div><div class=\"swiper-slide-inner\" ><div class=\"swiper-slide-contents\"><\/div><\/div><\/div>\t\t\t\t<\/div>\n\t\t\t\t\t\t\t<\/div>\n\t\t\t\t<\/div>\n\t\t\t\t\t\t\t\t<\/div>\n\t\t\t\t<\/div>\n\t\t\t\t<\/div>\n\t\t\t\t<\/div>\n\t\t<div class=\"elementor-element elementor-element-ffb62ca e-flex e-con-boxed e-con e-parent\" data-id=\"ffb62ca\" data-element_type=\"container\">\n\t\t\t\t\t<div class=\"e-con-inner\">\n\t\t<div class=\"elementor-element elementor-element-18905a2 e-con-full e-flex e-con e-child\" data-id=\"18905a2\" data-element_type=\"container\">\n\t\t<div class=\"elementor-element elementor-element-344cf1a e-flex e-con-boxed e-con e-child\" data-id=\"344cf1a\" data-element_type=\"container\" data-settings=\"{&quot;background_background&quot;:&quot;classic&quot;}\">\n\t\t\t\t\t<div class=\"e-con-inner\">\n\t\t\t\t<div class=\"elementor-element elementor-element-f07723b elementor-widget elementor-widget-heading\" data-id=\"f07723b\" data-element_type=\"widget\" data-widget_type=\"heading.default\">\n\t\t\t\t<div class=\"elementor-widget-container\">\n\t\t\t\t\t<p class=\"elementor-heading-title elementor-size-default\">Weitere Infos?<\/p>\t\t\t\t<\/div>\n\t\t\t\t<\/div>\n\t\t\t\t<div class=\"elementor-element elementor-element-5b31b13 elementor-mobile-align-left elementor-icon-list--layout-traditional elementor-list-item-link-full_width elementor-widget elementor-widget-icon-list\" data-id=\"5b31b13\" data-element_type=\"widget\" data-widget_type=\"icon-list.default\">\n\t\t\t\t<div class=\"elementor-widget-container\">\n\t\t\t\t\t\t\t<ul class=\"elementor-icon-list-items\">\n\t\t\t\t\t\t\t<li class=\"elementor-icon-list-item\">\n\t\t\t\t\t\t\t\t\t\t\t<a href=\"mailto:info@liwardi.nl\">\n\n\t\t\t\t\t\t\t\t\t\t\t\t<span class=\"elementor-icon-list-icon\">\n\t\t\t\t\t\t\t<i aria-hidden=\"true\" class=\"fas fa-envelope\"><\/i>\t\t\t\t\t\t<\/span>\n\t\t\t\t\t\t\t\t\t\t<span class=\"elementor-icon-list-text\">info@liwardi.nl<\/span>\n\t\t\t\t\t\t\t\t\t\t\t<\/a>\n\t\t\t\t\t\t\t\t\t<\/li>\n\t\t\t\t\t\t\t\t<li class=\"elementor-icon-list-item\">\n\t\t\t\t\t\t\t\t\t\t\t<a href=\"tel:+31%20165%20365797\">\n\n\t\t\t\t\t\t\t\t\t\t\t\t<span class=\"elementor-icon-list-icon\">\n\t\t\t\t\t\t\t<i aria-hidden=\"true\" class=\"fas fa-phone-alt\"><\/i>\t\t\t\t\t\t<\/span>\n\t\t\t\t\t\t\t\t\t\t<span class=\"elementor-icon-list-text\">+31 165 365797<\/span>\n\t\t\t\t\t\t\t\t\t\t\t<\/a>\n\t\t\t\t\t\t\t\t\t<\/li>\n\t\t\t\t\t\t<\/ul>\n\t\t\t\t\t\t<\/div>\n\t\t\t\t<\/div>\n\t\t\t\t\t<\/div>\n\t\t\t\t<\/div>\n\t\t\t\t<\/div>\n\t\t<div class=\"elementor-element elementor-element-d26522f e-con-full e-flex e-con e-child\" data-id=\"d26522f\" data-element_type=\"container\">\n\t\t\t\t<div class=\"elementor-element elementor-element-3b79036 elementor-widget elementor-widget-heading\" data-id=\"3b79036\" data-element_type=\"widget\" data-widget_type=\"heading.default\">\n\t\t\t\t<div class=\"elementor-widget-container\">\n\t\t\t\t\t<h2 class=\"elementor-heading-title elementor-size-default\">Unser Motto<\/h2>\t\t\t\t<\/div>\n\t\t\t\t<\/div>\n\t\t\t\t<div class=\"elementor-element elementor-element-7210413 elementor-widget elementor-widget-text-editor\" data-id=\"7210413\" data-element_type=\"widget\" data-widget_type=\"text-editor.default\">\n\t\t\t\t<div class=\"elementor-widget-container\">\n\t\t\t\t\t\t\t\t\t<p><strong style=\"font-weight: bold; color: #333333; font-family: Montserrat, sans-serif; font-size: 14px;\">Leben und leben lassen<\/strong><br style=\"color: #333333; font-family: Montserrat, sans-serif; font-size: 14px;\" \/><span style=\"color: #333333; font-family: Montserrat, sans-serif; font-size: 14px;\">Durch Zusammenarbeit mit der Natur und die Sorge um die Natur,<\/span><br style=\"color: #333333; font-family: Montserrat, sans-serif; font-size: 14px;\" \/><span style=\"color: #333333; font-family: Montserrat, sans-serif; font-size: 14px;\">sind auf der Suche nach dem Gleichgewicht zwischen biologischen und \u00f6konomischen Werten, w\u00e4hrend diese Faktoren sich gegenseitig verst\u00e4rken.<\/span><\/p>\t\t\t\t\t\t\t\t<\/div>\n\t\t\t\t<\/div>\n\t\t\t\t<\/div>\n\t\t\t\t\t<\/div>\n\t\t\t\t<\/div>\n\t\t\t\t<\/div>\n\t\t","protected":false},"excerpt":{"rendered":"<p>Weitere Infos? info@liwardi.nl +31 165 365797 Unser Motto Leben und leben lassenDurch Zusammenarbeit mit der Natur und die Sorge um die Natur,sind auf der Suche nach dem Gleichgewicht zwischen biologischen und \u00f6konomischen Werten, w\u00e4hrend diese Faktoren sich gegenseitig verst\u00e4rken.<\/p>\n","protected":false},"author":1,"featured_media":0,"parent":0,"menu_order":0,"comment_status":"closed","ping_status":"closed","template":"elementor_header_footer","meta":{"footnotes":""},"class_list":["post-753","page","type-page","status-publish","hentry"],"yoast_head":"<!-- This site is optimized with the Yoast SEO plugin v26.3 - https:\/\/yoast.com\/wordpress\/plugins\/seo\/ -->\n<title>Unser Motto - Liwardi<\/title>\n<meta name=\"robots\" content=\"index, follow, max-snippet:-1, max-image-preview:large, max-video-preview:-1\" \/>\n<link rel=\"canonical\" href=\"https:\/\/www.liwardi.nl\/ons-motto\/\" \/>\n<meta property=\"og:locale\" content=\"de_DE\" \/>\n<meta property=\"og:type\" content=\"article\" \/>\n<meta property=\"og:title\" content=\"Unser Motto - Liwardi\" \/>\n<meta property=\"og:description\" content=\"Weitere Infos? info@liwardi.nl +31 165 365797 Unser Motto Leben und leben lassenDurch Zusammenarbeit mit der Natur und die Sorge um die Natur,sind auf der Suche nach dem Gleichgewicht zwischen biologischen und \u00f6konomischen Werten, w\u00e4hrend diese Faktoren sich gegenseitig verst\u00e4rken.\" \/>\n<meta property=\"og:url\" content=\"https:\/\/www.liwardi.nl\/ons-motto\/\" \/>\n<meta property=\"og:site_name\" content=\"Liwardi\" \/>\n<meta property=\"article:modified_time\" content=\"2023-10-20T11:45:40+00:00\" \/>\n<meta name=\"twitter:card\" content=\"summary_large_image\" \/>\n<script type=\"application\/ld+json\" class=\"yoast-schema-graph\">{\"@context\":\"https:\/\/schema.org\",\"@graph\":[{\"@type\":\"WebPage\",\"@id\":\"https:\/\/www.liwardi.nl\/ons-motto\/\",\"url\":\"https:\/\/www.liwardi.nl\/ons-motto\/\",\"name\":\"Unser Motto - Liwardi\",\"isPartOf\":{\"@id\":\"https:\/\/www.liwardi.nl\/#website\"},\"datePublished\":\"2023-10-04T06:36:17+00:00\",\"dateModified\":\"2023-10-20T11:45:40+00:00\",\"breadcrumb\":{\"@id\":\"https:\/\/www.liwardi.nl\/ons-motto\/#breadcrumb\"},\"inLanguage\":\"de\",\"potentialAction\":[{\"@type\":\"ReadAction\",\"target\":[\"https:\/\/www.liwardi.nl\/ons-motto\/\"]}]},{\"@type\":\"BreadcrumbList\",\"@id\":\"https:\/\/www.liwardi.nl\/ons-motto\/#breadcrumb\",\"itemListElement\":[{\"@type\":\"ListItem\",\"position\":1,\"name\":\"Home\",\"item\":\"https:\/\/www.liwardi.nl\/de\/\"},{\"@type\":\"ListItem\",\"position\":2,\"name\":\"Unser Motto\"}]},{\"@type\":\"WebSite\",\"@id\":\"https:\/\/www.liwardi.nl\/#website\",\"url\":\"https:\/\/www.liwardi.nl\/\",\"name\":\"Liwardi\",\"description\":\"\",\"publisher\":{\"@id\":\"https:\/\/www.liwardi.nl\/#organization\"},\"potentialAction\":[{\"@type\":\"SearchAction\",\"target\":{\"@type\":\"EntryPoint\",\"urlTemplate\":\"https:\/\/www.liwardi.nl\/?s={search_term_string}\"},\"query-input\":{\"@type\":\"PropertyValueSpecification\",\"valueRequired\":true,\"valueName\":\"search_term_string\"}}],\"inLanguage\":\"de\"},{\"@type\":\"Organization\",\"@id\":\"https:\/\/www.liwardi.nl\/#organization\",\"name\":\"Liwardi\",\"url\":\"https:\/\/www.liwardi.nl\/\",\"logo\":{\"@type\":\"ImageObject\",\"inLanguage\":\"de\",\"@id\":\"https:\/\/www.liwardi.nl\/#\/schema\/logo\/image\/\",\"url\":\"https:\/\/www.liwardi.nl\/wp-content\/uploads\/2023\/10\/logo_liwardi.png\",\"contentUrl\":\"https:\/\/www.liwardi.nl\/wp-content\/uploads\/2023\/10\/logo_liwardi.png\",\"width\":350,\"height\":119,\"caption\":\"Liwardi\"},\"image\":{\"@id\":\"https:\/\/www.liwardi.nl\/#\/schema\/logo\/image\/\"}}]}<\/script>\n<!-- \/ Yoast SEO plugin. -->","yoast_head_json":{"title":"Unser Motto - Liwardi","robots":{"index":"index","follow":"follow","max-snippet":"max-snippet:-1","max-image-preview":"max-image-preview:large","max-video-preview":"max-video-preview:-1"},"canonical":"https:\/\/www.liwardi.nl\/ons-motto\/","og_locale":"de_DE","og_type":"article","og_title":"Unser Motto - Liwardi","og_description":"Weitere Infos? info@liwardi.nl +31 165 365797 Unser Motto Leben und leben lassenDurch Zusammenarbeit mit der Natur und die Sorge um die Natur,sind auf der Suche nach dem Gleichgewicht zwischen biologischen und \u00f6konomischen Werten, w\u00e4hrend diese Faktoren sich gegenseitig verst\u00e4rken.","og_url":"https:\/\/www.liwardi.nl\/ons-motto\/","og_site_name":"Liwardi","article_modified_time":"2023-10-20T11:45:40+00:00","twitter_card":"summary_large_image","schema":{"@context":"https:\/\/schema.org","@graph":[{"@type":"WebPage","@id":"https:\/\/www.liwardi.nl\/ons-motto\/","url":"https:\/\/www.liwardi.nl\/ons-motto\/","name":"Unser Motto - Liwardi","isPartOf":{"@id":"https:\/\/www.liwardi.nl\/#website"},"datePublished":"2023-10-04T06:36:17+00:00","dateModified":"2023-10-20T11:45:40+00:00","breadcrumb":{"@id":"https:\/\/www.liwardi.nl\/ons-motto\/#breadcrumb"},"inLanguage":"de","potentialAction":[{"@type":"ReadAction","target":["https:\/\/www.liwardi.nl\/ons-motto\/"]}]},{"@type":"BreadcrumbList","@id":"https:\/\/www.liwardi.nl\/ons-motto\/#breadcrumb","itemListElement":[{"@type":"ListItem","position":1,"name":"Home","item":"https:\/\/www.liwardi.nl\/de\/"},{"@type":"ListItem","position":2,"name":"Unser Motto"}]},{"@type":"WebSite","@id":"https:\/\/www.liwardi.nl\/#website","url":"https:\/\/www.liwardi.nl\/","name":"Liwardi","description":"","publisher":{"@id":"https:\/\/www.liwardi.nl\/#organization"},"potentialAction":[{"@type":"SearchAction","target":{"@type":"EntryPoint","urlTemplate":"https:\/\/www.liwardi.nl\/?s={search_term_string}"},"query-input":{"@type":"PropertyValueSpecification","valueRequired":true,"valueName":"search_term_string"}}],"inLanguage":"de"},{"@type":"Organization","@id":"https:\/\/www.liwardi.nl\/#organization","name":"Liwardi","url":"https:\/\/www.liwardi.nl\/","logo":{"@type":"ImageObject","inLanguage":"de","@id":"https:\/\/www.liwardi.nl\/#\/schema\/logo\/image\/","url":"https:\/\/www.liwardi.nl\/wp-content\/uploads\/2023\/10\/logo_liwardi.png","contentUrl":"https:\/\/www.liwardi.nl\/wp-content\/uploads\/2023\/10\/logo_liwardi.png","width":350,"height":119,"caption":"Liwardi"},"image":{"@id":"https:\/\/www.liwardi.nl\/#\/schema\/logo\/image\/"}}]}},"_links":{"self":[{"href":"https:\/\/www.liwardi.nl\/de\/wp-json\/wp\/v2\/pages\/753","targetHints":{"allow":["GET"]}}],"collection":[{"href":"https:\/\/www.liwardi.nl\/de\/wp-json\/wp\/v2\/pages"}],"about":[{"href":"https:\/\/www.liwardi.nl\/de\/wp-json\/wp\/v2\/types\/page"}],"author":[{"embeddable":true,"href":"https:\/\/www.liwardi.nl\/de\/wp-json\/wp\/v2\/users\/1"}],"replies":[{"embeddable":true,"href":"https:\/\/www.liwardi.nl\/de\/wp-json\/wp\/v2\/comments?post=753"}],"version-history":[{"count":6,"href":"https:\/\/www.liwardi.nl\/de\/wp-json\/wp\/v2\/pages\/753\/revisions"}],"predecessor-version":[{"id":876,"href":"https:\/\/www.liwardi.nl\/de\/wp-json\/wp\/v2\/pages\/753\/revisions\/876"}],"wp:attachment":[{"href":"https:\/\/www.liwardi.nl\/de\/wp-json\/wp\/v2\/media?parent=753"}],"curies":[{"name":"wp","href":"https:\/\/api.w.org\/{rel}","templated":true}]}}