{"id":749,"date":"2023-10-04T06:36:17","date_gmt":"2023-10-04T06:36:17","guid":{"rendered":"https:\/\/www.liwardi.nl\/index.php\/baumschule\/"},"modified":"2023-10-20T11:47:18","modified_gmt":"2023-10-20T11:47:18","slug":"baumschule","status":"publish","type":"page","link":"https:\/\/www.liwardi.nl\/de\/baumschule\/","title":{"rendered":"Baumschule"},"content":{"rendered":"\t\t<div data-elementor-type=\"wp-page\" data-elementor-id=\"749\" class=\"elementor elementor-749 elementor-93\" data-elementor-post-type=\"page\">\n\t\t\t\t<div class=\"elementor-element elementor-element-fd34b5d e-con-full e-flex e-con e-parent\" data-id=\"fd34b5d\" data-element_type=\"container\">\n\t\t<div class=\"elementor-element elementor-element-840f464 e-con-full e-flex e-con e-child\" data-id=\"840f464\" data-element_type=\"container\">\n\t\t\t\t<div class=\"elementor-element elementor-element-1338ead elementor--h-position-center elementor--v-position-middle elementor-widget elementor-widget-slides\" data-id=\"1338ead\" data-element_type=\"widget\" data-settings=\"{&quot;navigation&quot;:&quot;none&quot;,&quot;autoplay&quot;:&quot;yes&quot;,&quot;pause_on_hover&quot;:&quot;yes&quot;,&quot;pause_on_interaction&quot;:&quot;yes&quot;,&quot;autoplay_speed&quot;:5000,&quot;infinite&quot;:&quot;yes&quot;,&quot;transition&quot;:&quot;slide&quot;,&quot;transition_speed&quot;:500}\" data-widget_type=\"slides.default\">\n\t\t\t\t<div class=\"elementor-widget-container\">\n\t\t\t\t\t\t\t\t\t<div class=\"elementor-swiper\">\n\t\t\t\t\t<div class=\"elementor-slides-wrapper elementor-main-swiper swiper\" role=\"region\" aria-roledescription=\"carousel\" aria-label=\"Slider\" dir=\"ltr\" data-animation=\"fadeInUp\">\n\t\t\t\t<div class=\"swiper-wrapper elementor-slides\">\n\t\t\t\t\t\t\t\t\t\t<div class=\"elementor-repeater-item-9e81c8d swiper-slide\" role=\"group\" aria-roledescription=\"slide\"><div class=\"swiper-slide-bg\" role=\"img\" aria-label=\"liwardi_1_20150505134733_1800\"><\/div><div class=\"swiper-slide-inner\" ><div class=\"swiper-slide-contents\"><\/div><\/div><\/div>\t\t\t\t<\/div>\n\t\t\t\t\t\t\t<\/div>\n\t\t\t\t<\/div>\n\t\t\t\t\t\t\t\t<\/div>\n\t\t\t\t<\/div>\n\t\t\t\t<\/div>\n\t\t\t\t<\/div>\n\t\t<div class=\"elementor-element elementor-element-d9013a4 e-flex e-con-boxed e-con e-parent\" data-id=\"d9013a4\" data-element_type=\"container\">\n\t\t\t\t\t<div class=\"e-con-inner\">\n\t\t<div class=\"elementor-element elementor-element-3583571 e-con-full e-flex e-con e-child\" data-id=\"3583571\" data-element_type=\"container\">\n\t\t\t\t<div class=\"elementor-element elementor-element-9c4ec82 elementor-widget elementor-widget-image\" data-id=\"9c4ec82\" data-element_type=\"widget\" data-widget_type=\"image.default\">\n\t\t\t\t<div class=\"elementor-widget-container\">\n\t\t\t\t\t\t\t\t\t\t\t\t\t\t\t<img fetchpriority=\"high\" decoding=\"async\" width=\"450\" height=\"253\" src=\"https:\/\/www.liwardi.nl\/wp-content\/uploads\/2023\/10\/liwardi_1_20150505113718_2075.jpg\" class=\"attachment-large size-large wp-image-622\" alt=\"\" srcset=\"https:\/\/www.liwardi.nl\/wp-content\/uploads\/2023\/10\/liwardi_1_20150505113718_2075.jpg 450w, https:\/\/www.liwardi.nl\/wp-content\/uploads\/2023\/10\/liwardi_1_20150505113718_2075-300x169.jpg 300w\" sizes=\"(max-width: 450px) 100vw, 450px\" \/>\t\t\t\t\t\t\t\t\t\t\t\t\t\t\t<\/div>\n\t\t\t\t<\/div>\n\t\t<div class=\"elementor-element elementor-element-dcef566 e-flex e-con-boxed e-con e-child\" data-id=\"dcef566\" data-element_type=\"container\" data-settings=\"{&quot;background_background&quot;:&quot;classic&quot;}\">\n\t\t\t\t\t<div class=\"e-con-inner\">\n\t\t\t\t<div class=\"elementor-element elementor-element-d1d0287 elementor-widget elementor-widget-heading\" data-id=\"d1d0287\" data-element_type=\"widget\" data-widget_type=\"heading.default\">\n\t\t\t\t<div class=\"elementor-widget-container\">\n\t\t\t\t\t<p class=\"elementor-heading-title elementor-size-default\">Weitere Infos?<\/p>\t\t\t\t<\/div>\n\t\t\t\t<\/div>\n\t\t\t\t<div class=\"elementor-element elementor-element-e5ff43d elementor-mobile-align-left elementor-icon-list--layout-traditional elementor-list-item-link-full_width elementor-widget elementor-widget-icon-list\" data-id=\"e5ff43d\" data-element_type=\"widget\" data-widget_type=\"icon-list.default\">\n\t\t\t\t<div class=\"elementor-widget-container\">\n\t\t\t\t\t\t\t<ul class=\"elementor-icon-list-items\">\n\t\t\t\t\t\t\t<li class=\"elementor-icon-list-item\">\n\t\t\t\t\t\t\t\t\t\t\t<a href=\"mailto:info@liwardi.nl\">\n\n\t\t\t\t\t\t\t\t\t\t\t\t<span class=\"elementor-icon-list-icon\">\n\t\t\t\t\t\t\t<i aria-hidden=\"true\" class=\"fas fa-envelope\"><\/i>\t\t\t\t\t\t<\/span>\n\t\t\t\t\t\t\t\t\t\t<span class=\"elementor-icon-list-text\">info@liwardi.nl<\/span>\n\t\t\t\t\t\t\t\t\t\t\t<\/a>\n\t\t\t\t\t\t\t\t\t<\/li>\n\t\t\t\t\t\t\t\t<li class=\"elementor-icon-list-item\">\n\t\t\t\t\t\t\t\t\t\t\t<a href=\"tel:+31%20165%20365797\">\n\n\t\t\t\t\t\t\t\t\t\t\t\t<span class=\"elementor-icon-list-icon\">\n\t\t\t\t\t\t\t<i aria-hidden=\"true\" class=\"fas fa-phone-alt\"><\/i>\t\t\t\t\t\t<\/span>\n\t\t\t\t\t\t\t\t\t\t<span class=\"elementor-icon-list-text\">+31 165 365797<\/span>\n\t\t\t\t\t\t\t\t\t\t\t<\/a>\n\t\t\t\t\t\t\t\t\t<\/li>\n\t\t\t\t\t\t<\/ul>\n\t\t\t\t\t\t<\/div>\n\t\t\t\t<\/div>\n\t\t\t\t\t<\/div>\n\t\t\t\t<\/div>\n\t\t\t\t<\/div>\n\t\t<div class=\"elementor-element elementor-element-78d91c9 e-con-full e-flex e-con e-child\" data-id=\"78d91c9\" data-element_type=\"container\">\n\t\t\t\t<div class=\"elementor-element elementor-element-224c557 elementor-widget elementor-widget-heading\" data-id=\"224c557\" data-element_type=\"widget\" data-widget_type=\"heading.default\">\n\t\t\t\t<div class=\"elementor-widget-container\">\n\t\t\t\t\t<h2 class=\"elementor-heading-title elementor-size-default\">Baumschule<\/h2>\t\t\t\t<\/div>\n\t\t\t\t<\/div>\n\t\t\t\t<div class=\"elementor-element elementor-element-2afceee elementor-widget elementor-widget-text-editor\" data-id=\"2afceee\" data-element_type=\"widget\" data-widget_type=\"text-editor.default\">\n\t\t\t\t<div class=\"elementor-widget-container\">\n\t\t\t\t\t\t\t\t\t<p>Unser Angebot besteht haupts\u00e4chlich aus immergr\u00fcnen Heckenpflanzen.<br \/>Durch unseren erweiterten Maschinenpark pflanzen wir einheitliche Parteien von hoher Qualit\u00e4t an.<br \/>Da wir sehr sorgf\u00e4ltig mit dem Boden umgehen, sind die Pflanzen kr\u00e4ftig und gesund.<br \/>Hierdurch wird der Gebrauch von Chemikalien auf das Minimum reduziert.<\/p>\t\t\t\t\t\t\t\t<\/div>\n\t\t\t\t<\/div>\n\t\t\t\t<\/div>\n\t\t\t\t\t<\/div>\n\t\t\t\t<\/div>\n\t\t\t\t<\/div>\n\t\t","protected":false},"excerpt":{"rendered":"<p>Weitere Infos? info@liwardi.nl +31 165 365797 Baumschule Unser Angebot besteht haupts\u00e4chlich aus immergr\u00fcnen Heckenpflanzen.Durch unseren erweiterten Maschinenpark pflanzen wir einheitliche Parteien von hoher Qualit\u00e4t an.Da wir sehr sorgf\u00e4ltig mit dem Boden umgehen, sind die Pflanzen kr\u00e4ftig und gesund.Hierdurch wird der Gebrauch von Chemikalien auf das Minimum reduziert.<\/p>\n","protected":false},"author":1,"featured_media":0,"parent":0,"menu_order":0,"comment_status":"closed","ping_status":"closed","template":"elementor_header_footer","meta":{"footnotes":""},"class_list":["post-749","page","type-page","status-publish","hentry"],"yoast_head":"<!-- This site is optimized with the Yoast SEO plugin v26.3 - https:\/\/yoast.com\/wordpress\/plugins\/seo\/ -->\n<title>Baumschule - Liwardi<\/title>\n<meta name=\"robots\" content=\"index, follow, max-snippet:-1, max-image-preview:large, max-video-preview:-1\" \/>\n<link rel=\"canonical\" href=\"https:\/\/www.liwardi.nl\/de\/baumschule\/\" \/>\n<meta property=\"og:locale\" content=\"de_DE\" \/>\n<meta property=\"og:type\" content=\"article\" \/>\n<meta property=\"og:title\" content=\"Baumschule - Liwardi\" \/>\n<meta property=\"og:description\" content=\"Weitere Infos? info@liwardi.nl +31 165 365797 Baumschule Unser Angebot besteht haupts\u00e4chlich aus immergr\u00fcnen Heckenpflanzen.Durch unseren erweiterten Maschinenpark pflanzen wir einheitliche Parteien von hoher Qualit\u00e4t an.Da wir sehr sorgf\u00e4ltig mit dem Boden umgehen, sind die Pflanzen kr\u00e4ftig und gesund.Hierdurch wird der Gebrauch von Chemikalien auf das Minimum reduziert.\" \/>\n<meta property=\"og:url\" content=\"https:\/\/www.liwardi.nl\/de\/baumschule\/\" \/>\n<meta property=\"og:site_name\" content=\"Liwardi\" \/>\n<meta property=\"article:modified_time\" content=\"2023-10-20T11:47:18+00:00\" \/>\n<meta property=\"og:image\" content=\"https:\/\/www.liwardi.nl\/wp-content\/uploads\/2023\/10\/liwardi_1_20150505113718_2075.jpg\" \/>\n<meta name=\"twitter:card\" content=\"summary_large_image\" \/>\n<script type=\"application\/ld+json\" class=\"yoast-schema-graph\">{\"@context\":\"https:\/\/schema.org\",\"@graph\":[{\"@type\":\"WebPage\",\"@id\":\"https:\/\/www.liwardi.nl\/de\/baumschule\/\",\"url\":\"https:\/\/www.liwardi.nl\/de\/baumschule\/\",\"name\":\"Baumschule - Liwardi\",\"isPartOf\":{\"@id\":\"https:\/\/www.liwardi.nl\/#website\"},\"primaryImageOfPage\":{\"@id\":\"https:\/\/www.liwardi.nl\/de\/baumschule\/#primaryimage\"},\"image\":{\"@id\":\"https:\/\/www.liwardi.nl\/de\/baumschule\/#primaryimage\"},\"thumbnailUrl\":\"https:\/\/www.liwardi.nl\/wp-content\/uploads\/2023\/10\/liwardi_1_20150505113718_2075.jpg\",\"datePublished\":\"2023-10-04T06:36:17+00:00\",\"dateModified\":\"2023-10-20T11:47:18+00:00\",\"breadcrumb\":{\"@id\":\"https:\/\/www.liwardi.nl\/de\/baumschule\/#breadcrumb\"},\"inLanguage\":\"de\",\"potentialAction\":[{\"@type\":\"ReadAction\",\"target\":[\"https:\/\/www.liwardi.nl\/de\/baumschule\/\"]}]},{\"@type\":\"ImageObject\",\"inLanguage\":\"de\",\"@id\":\"https:\/\/www.liwardi.nl\/de\/baumschule\/#primaryimage\",\"url\":\"https:\/\/www.liwardi.nl\/wp-content\/uploads\/2023\/10\/liwardi_1_20150505113718_2075.jpg\",\"contentUrl\":\"https:\/\/www.liwardi.nl\/wp-content\/uploads\/2023\/10\/liwardi_1_20150505113718_2075.jpg\"},{\"@type\":\"BreadcrumbList\",\"@id\":\"https:\/\/www.liwardi.nl\/de\/baumschule\/#breadcrumb\",\"itemListElement\":[{\"@type\":\"ListItem\",\"position\":1,\"name\":\"Home\",\"item\":\"https:\/\/www.liwardi.nl\/de\/\"},{\"@type\":\"ListItem\",\"position\":2,\"name\":\"Baumschule\"}]},{\"@type\":\"WebSite\",\"@id\":\"https:\/\/www.liwardi.nl\/#website\",\"url\":\"https:\/\/www.liwardi.nl\/\",\"name\":\"Liwardi\",\"description\":\"\",\"publisher\":{\"@id\":\"https:\/\/www.liwardi.nl\/#organization\"},\"potentialAction\":[{\"@type\":\"SearchAction\",\"target\":{\"@type\":\"EntryPoint\",\"urlTemplate\":\"https:\/\/www.liwardi.nl\/?s={search_term_string}\"},\"query-input\":{\"@type\":\"PropertyValueSpecification\",\"valueRequired\":true,\"valueName\":\"search_term_string\"}}],\"inLanguage\":\"de\"},{\"@type\":\"Organization\",\"@id\":\"https:\/\/www.liwardi.nl\/#organization\",\"name\":\"Liwardi\",\"url\":\"https:\/\/www.liwardi.nl\/\",\"logo\":{\"@type\":\"ImageObject\",\"inLanguage\":\"de\",\"@id\":\"https:\/\/www.liwardi.nl\/#\/schema\/logo\/image\/\",\"url\":\"https:\/\/www.liwardi.nl\/wp-content\/uploads\/2023\/10\/logo_liwardi.png\",\"contentUrl\":\"https:\/\/www.liwardi.nl\/wp-content\/uploads\/2023\/10\/logo_liwardi.png\",\"width\":350,\"height\":119,\"caption\":\"Liwardi\"},\"image\":{\"@id\":\"https:\/\/www.liwardi.nl\/#\/schema\/logo\/image\/\"}}]}<\/script>\n<!-- \/ Yoast SEO plugin. -->","yoast_head_json":{"title":"Baumschule - Liwardi","robots":{"index":"index","follow":"follow","max-snippet":"max-snippet:-1","max-image-preview":"max-image-preview:large","max-video-preview":"max-video-preview:-1"},"canonical":"https:\/\/www.liwardi.nl\/de\/baumschule\/","og_locale":"de_DE","og_type":"article","og_title":"Baumschule - Liwardi","og_description":"Weitere Infos? info@liwardi.nl +31 165 365797 Baumschule Unser Angebot besteht haupts\u00e4chlich aus immergr\u00fcnen Heckenpflanzen.Durch unseren erweiterten Maschinenpark pflanzen wir einheitliche Parteien von hoher Qualit\u00e4t an.Da wir sehr sorgf\u00e4ltig mit dem Boden umgehen, sind die Pflanzen kr\u00e4ftig und gesund.Hierdurch wird der Gebrauch von Chemikalien auf das Minimum reduziert.","og_url":"https:\/\/www.liwardi.nl\/de\/baumschule\/","og_site_name":"Liwardi","article_modified_time":"2023-10-20T11:47:18+00:00","og_image":[{"url":"https:\/\/www.liwardi.nl\/wp-content\/uploads\/2023\/10\/liwardi_1_20150505113718_2075.jpg","type":"","width":"","height":""}],"twitter_card":"summary_large_image","schema":{"@context":"https:\/\/schema.org","@graph":[{"@type":"WebPage","@id":"https:\/\/www.liwardi.nl\/de\/baumschule\/","url":"https:\/\/www.liwardi.nl\/de\/baumschule\/","name":"Baumschule - Liwardi","isPartOf":{"@id":"https:\/\/www.liwardi.nl\/#website"},"primaryImageOfPage":{"@id":"https:\/\/www.liwardi.nl\/de\/baumschule\/#primaryimage"},"image":{"@id":"https:\/\/www.liwardi.nl\/de\/baumschule\/#primaryimage"},"thumbnailUrl":"https:\/\/www.liwardi.nl\/wp-content\/uploads\/2023\/10\/liwardi_1_20150505113718_2075.jpg","datePublished":"2023-10-04T06:36:17+00:00","dateModified":"2023-10-20T11:47:18+00:00","breadcrumb":{"@id":"https:\/\/www.liwardi.nl\/de\/baumschule\/#breadcrumb"},"inLanguage":"de","potentialAction":[{"@type":"ReadAction","target":["https:\/\/www.liwardi.nl\/de\/baumschule\/"]}]},{"@type":"ImageObject","inLanguage":"de","@id":"https:\/\/www.liwardi.nl\/de\/baumschule\/#primaryimage","url":"https:\/\/www.liwardi.nl\/wp-content\/uploads\/2023\/10\/liwardi_1_20150505113718_2075.jpg","contentUrl":"https:\/\/www.liwardi.nl\/wp-content\/uploads\/2023\/10\/liwardi_1_20150505113718_2075.jpg"},{"@type":"BreadcrumbList","@id":"https:\/\/www.liwardi.nl\/de\/baumschule\/#breadcrumb","itemListElement":[{"@type":"ListItem","position":1,"name":"Home","item":"https:\/\/www.liwardi.nl\/de\/"},{"@type":"ListItem","position":2,"name":"Baumschule"}]},{"@type":"WebSite","@id":"https:\/\/www.liwardi.nl\/#website","url":"https:\/\/www.liwardi.nl\/","name":"Liwardi","description":"","publisher":{"@id":"https:\/\/www.liwardi.nl\/#organization"},"potentialAction":[{"@type":"SearchAction","target":{"@type":"EntryPoint","urlTemplate":"https:\/\/www.liwardi.nl\/?s={search_term_string}"},"query-input":{"@type":"PropertyValueSpecification","valueRequired":true,"valueName":"search_term_string"}}],"inLanguage":"de"},{"@type":"Organization","@id":"https:\/\/www.liwardi.nl\/#organization","name":"Liwardi","url":"https:\/\/www.liwardi.nl\/","logo":{"@type":"ImageObject","inLanguage":"de","@id":"https:\/\/www.liwardi.nl\/#\/schema\/logo\/image\/","url":"https:\/\/www.liwardi.nl\/wp-content\/uploads\/2023\/10\/logo_liwardi.png","contentUrl":"https:\/\/www.liwardi.nl\/wp-content\/uploads\/2023\/10\/logo_liwardi.png","width":350,"height":119,"caption":"Liwardi"},"image":{"@id":"https:\/\/www.liwardi.nl\/#\/schema\/logo\/image\/"}}]}},"_links":{"self":[{"href":"https:\/\/www.liwardi.nl\/de\/wp-json\/wp\/v2\/pages\/749","targetHints":{"allow":["GET"]}}],"collection":[{"href":"https:\/\/www.liwardi.nl\/de\/wp-json\/wp\/v2\/pages"}],"about":[{"href":"https:\/\/www.liwardi.nl\/de\/wp-json\/wp\/v2\/types\/page"}],"author":[{"embeddable":true,"href":"https:\/\/www.liwardi.nl\/de\/wp-json\/wp\/v2\/users\/1"}],"replies":[{"embeddable":true,"href":"https:\/\/www.liwardi.nl\/de\/wp-json\/wp\/v2\/comments?post=749"}],"version-history":[{"count":18,"href":"https:\/\/www.liwardi.nl\/de\/wp-json\/wp\/v2\/pages\/749\/revisions"}],"predecessor-version":[{"id":885,"href":"https:\/\/www.liwardi.nl\/de\/wp-json\/wp\/v2\/pages\/749\/revisions\/885"}],"wp:attachment":[{"href":"https:\/\/www.liwardi.nl\/de\/wp-json\/wp\/v2\/media?parent=749"}],"curies":[{"name":"wp","href":"https:\/\/api.w.org\/{rel}","templated":true}]}}